{"id":665,"date":"2024-04-22T14:31:05","date_gmt":"2024-04-22T12:31:05","guid":{"rendered":"https:\/\/megrad-ck.hr\/verzichtserklaerung\/"},"modified":"2024-04-23T13:41:00","modified_gmt":"2024-04-23T11:41:00","slug":"verzichtserklaerung","status":"publish","type":"page","link":"https:\/\/megrad-ck.hr\/de\/verzichtserklaerung\/","title":{"rendered":"Verzichtserkl\u00e4rung"},"content":{"rendered":"<p>[et_pb_section fb_built=&#8220;1&#8243; _builder_version=&#8220;4.24.3&#8243; _module_preset=&#8220;default&#8220; custom_margin=&#8220;100px||||false|false&#8220; global_colors_info=&#8220;{}&#8220; locked=&#8220;off&#8220; theme_builder_area=&#8220;post_content&#8220;][et_pb_row _builder_version=&#8220;4.24.3&#8243; _module_preset=&#8220;default&#8220; width=&#8220;90%&#8220; custom_padding=&#8220;0px||0px||false|false&#8220; global_colors_info=&#8220;{}&#8220; theme_builder_area=&#8220;post_content&#8220;][et_pb_column type=&#8220;4_4&#8243; _builder_version=&#8220;4.24.3&#8243; _module_preset=&#8220;default&#8220; global_colors_info=&#8220;{}&#8220; theme_builder_area=&#8220;post_content&#8220;][et_pb_text module_class=&#8220;megrad-txt-4&#8243; _builder_version=&#8220;4.24.3&#8243; _module_preset=&#8220;default&#8220; header_font_size=&#8220;40px&#8220; hover_enabled=&#8220;0&#8243; header_font_size_tablet=&#8220;36px&#8220; header_font_size_phone=&#8220;32px&#8220; header_font_size_last_edited=&#8220;on|phone&#8220; global_colors_info=&#8220;{}&#8220; theme_builder_area=&#8220;post_content&#8220; sticky_enabled=&#8220;0&#8243;]<\/p>\n<h1>Verzichtserkl\u00e4rung<\/h1>\n<p>[\/et_pb_text][et_pb_text module_class=&#8220;megrad-txt-4&#8243; _builder_version=&#8220;4.24.3&#8243; _module_preset=&#8220;default&#8220; header_font_size=&#8220;40px&#8220; hover_enabled=&#8220;0&#8243; global_colors_info=&#8220;{}&#8220; sticky_enabled=&#8220;0&#8243; theme_builder_area=&#8220;post_content&#8220;]<\/p>\n<p>Megrad d.o.o. ist dazu verpflichtet, diese Website aktuell und akkurat zu halten. Solltest du dennoch auf irgendetwas sto\u00dfen, das veraltet oder inkorrekt ist, w\u00fcrden wir es sch\u00e4tzen, wenn du es uns wissen l\u00e4sst. Bitte weise darauf hin, wo du auf der Seite die Information gelesen hast. Wir werden uns dann so schnell wie m\u00f6glich darum k\u00fcmmern. Bitte sende deine R\u00fcckmeldung an: <a href=\"mailto:info@megrad-ck.hr\" target=\"_blank\" rel=\"noopener\" title=\"info@megrad-ck.hr\">info@megrad-ck.hr<\/a>.<\/p>\n<p>Wir \u00fcbernehmen keine Haftung f\u00fcr aus Ungenauigkeit oder Unvollst\u00e4ndigkeit resultierenden Verluste, noch f\u00fcr entstehende Verluste oder Verbreitung von Informationen durch das Internet, wie St\u00f6rungen oder Unterbrechungen. Bei der Verwendung von Internetfomularen streben wir danach die Anzahl der ben\u00f6tigten Felder zu minimieren. F\u00fcr jegliche Verluste die aus der Verwendung von Megrad d.o.o. empfohlener oder stammender Daten, Hinweisen oder Ideen \u00fcbernimmt Megrad d.o.o. keine Haftung.<\/p>\n<p>Jegliches intellektuelle Eigentumsrecht an Inhalten auf dieser Website ist im Besitz von Megrad d.o.o..<\/p>\n<p>Das Kopieren, Verbreiten oder jegliche andere Nutzung dieses Materials ist ohne die schriftliche Erlaubnis von Megrad d.o.o. nicht gestattet, sofern in geltendem Gesetz nicht anders vereinbart oder ausgenommen (wie etwa das Recht zu zitieren), solang der spezifische Inhalt nichts anderes vorschreibt.<\/p>\n<p>Wenn du Fragen oder Probleme mit der Verf\u00fcgbarkeit der Website hast, z\u00f6gere nicht uns zu kontaktieren.<\/p>\n<p>[\/et_pb_text][\/et_pb_column][\/et_pb_row][\/et_pb_section]<\/p>\n","protected":false},"excerpt":{"rendered":"<p>Verzichtserkl\u00e4rungMegrad d.o.o. ist dazu verpflichtet, diese Website aktuell und akkurat zu halten. Solltest du dennoch auf irgendetwas sto\u00dfen, das veraltet oder inkorrekt ist, w\u00fcrden wir es sch\u00e4tzen, wenn du es uns wissen l\u00e4sst. Bitte weise darauf hin, wo du auf der Seite die Information gelesen hast. Wir werden uns dann so schnell wie m\u00f6glich darum [&hellip;]<\/p>\n","protected":false},"author":2,"featured_media":0,"parent":0,"menu_order":0,"comment_status":"closed","ping_status":"closed","template":"","meta":{"_et_pb_use_builder":"on","_et_pb_old_content":"","_et_gb_content_width":"","footnotes":""},"class_list":["post-665","page","type-page","status-publish","hentry"],"yoast_head":"<!-- This site is optimized with the Yoast SEO plugin v22.5 - https:\/\/yoast.com\/wordpress\/plugins\/seo\/ -->\n<title>Verzichtserkl\u00e4rung - Megrad<\/title>\n<meta name=\"robots\" content=\"index, follow, max-snippet:-1, max-image-preview:large, max-video-preview:-1\" \/>\n<link rel=\"canonical\" href=\"https:\/\/megrad-ck.hr\/de\/verzichtserklaerung\/\" \/>\n<meta property=\"og:locale\" content=\"de_DE\" \/>\n<meta property=\"og:type\" content=\"article\" \/>\n<meta property=\"og:title\" content=\"Verzichtserkl\u00e4rung - Megrad\" \/>\n<meta property=\"og:description\" content=\"Verzichtserkl\u00e4rungMegrad d.o.o. ist dazu verpflichtet, diese Website aktuell und akkurat zu halten. Solltest du dennoch auf irgendetwas sto\u00dfen, das veraltet oder inkorrekt ist, w\u00fcrden wir es sch\u00e4tzen, wenn du es uns wissen l\u00e4sst. Bitte weise darauf hin, wo du auf der Seite die Information gelesen hast. Wir werden uns dann so schnell wie m\u00f6glich darum [&hellip;]\" \/>\n<meta property=\"og:url\" content=\"https:\/\/megrad-ck.hr\/de\/verzichtserklaerung\/\" \/>\n<meta property=\"og:site_name\" content=\"Megrad\" \/>\n<meta property=\"article:modified_time\" content=\"2024-04-23T11:41:00+00:00\" \/>\n<meta name=\"twitter:card\" content=\"summary_large_image\" \/>\n<meta name=\"twitter:label1\" content=\"Gesch\u00e4tzte Lesezeit\" \/>\n\t<meta name=\"twitter:data1\" content=\"2\u00a0Minuten\" \/>\n<script type=\"application\/ld+json\" class=\"yoast-schema-graph\">{\"@context\":\"https:\/\/schema.org\",\"@graph\":[{\"@type\":\"WebPage\",\"@id\":\"https:\/\/megrad-ck.hr\/de\/verzichtserklaerung\/\",\"url\":\"https:\/\/megrad-ck.hr\/de\/verzichtserklaerung\/\",\"name\":\"Verzichtserkl\u00e4rung - Megrad\",\"isPartOf\":{\"@id\":\"https:\/\/megrad-ck.hr\/de\/#website\"},\"datePublished\":\"2024-04-22T12:31:05+00:00\",\"dateModified\":\"2024-04-23T11:41:00+00:00\",\"breadcrumb\":{\"@id\":\"https:\/\/megrad-ck.hr\/de\/verzichtserklaerung\/#breadcrumb\"},\"inLanguage\":\"de\",\"potentialAction\":[{\"@type\":\"ReadAction\",\"target\":[\"https:\/\/megrad-ck.hr\/de\/verzichtserklaerung\/\"]}]},{\"@type\":\"BreadcrumbList\",\"@id\":\"https:\/\/megrad-ck.hr\/de\/verzichtserklaerung\/#breadcrumb\",\"itemListElement\":[{\"@type\":\"ListItem\",\"position\":1,\"name\":\"Po\u010detna stranica\",\"item\":\"https:\/\/megrad-ck.hr\/de\/\"},{\"@type\":\"ListItem\",\"position\":2,\"name\":\"Verzichtserkl\u00e4rung\"}]},{\"@type\":\"WebSite\",\"@id\":\"https:\/\/megrad-ck.hr\/de\/#website\",\"url\":\"https:\/\/megrad-ck.hr\/de\/\",\"name\":\"Megrad d.o.o.\",\"description\":\"\",\"publisher\":{\"@id\":\"https:\/\/megrad-ck.hr\/de\/#organization\"},\"potentialAction\":[{\"@type\":\"SearchAction\",\"target\":{\"@type\":\"EntryPoint\",\"urlTemplate\":\"https:\/\/megrad-ck.hr\/de\/?s={search_term_string}\"},\"query-input\":\"required name=search_term_string\"}],\"inLanguage\":\"de\"},{\"@type\":\"Organization\",\"@id\":\"https:\/\/megrad-ck.hr\/de\/#organization\",\"name\":\"Megrad d.o.o.\",\"url\":\"https:\/\/megrad-ck.hr\/de\/\",\"logo\":{\"@type\":\"ImageObject\",\"inLanguage\":\"de\",\"@id\":\"https:\/\/megrad-ck.hr\/de\/#\/schema\/logo\/image\/\",\"url\":\"https:\/\/megrad-ck.hr\/wp-content\/uploads\/2024\/04\/megrad-logo-scaled-1.png\",\"contentUrl\":\"https:\/\/megrad-ck.hr\/wp-content\/uploads\/2024\/04\/megrad-logo-scaled-1.png\",\"width\":1248,\"height\":414,\"caption\":\"Megrad d.o.o.\"},\"image\":{\"@id\":\"https:\/\/megrad-ck.hr\/de\/#\/schema\/logo\/image\/\"}}]}<\/script>\n<!-- \/ Yoast SEO plugin. -->","yoast_head_json":{"title":"Verzichtserkl\u00e4rung - Megrad","robots":{"index":"index","follow":"follow","max-snippet":"max-snippet:-1","max-image-preview":"max-image-preview:large","max-video-preview":"max-video-preview:-1"},"canonical":"https:\/\/megrad-ck.hr\/de\/verzichtserklaerung\/","og_locale":"de_DE","og_type":"article","og_title":"Verzichtserkl\u00e4rung - Megrad","og_description":"Verzichtserkl\u00e4rungMegrad d.o.o. ist dazu verpflichtet, diese Website aktuell und akkurat zu halten. Solltest du dennoch auf irgendetwas sto\u00dfen, das veraltet oder inkorrekt ist, w\u00fcrden wir es sch\u00e4tzen, wenn du es uns wissen l\u00e4sst. Bitte weise darauf hin, wo du auf der Seite die Information gelesen hast. Wir werden uns dann so schnell wie m\u00f6glich darum [&hellip;]","og_url":"https:\/\/megrad-ck.hr\/de\/verzichtserklaerung\/","og_site_name":"Megrad","article_modified_time":"2024-04-23T11:41:00+00:00","twitter_card":"summary_large_image","twitter_misc":{"Gesch\u00e4tzte Lesezeit":"2\u00a0Minuten"},"schema":{"@context":"https:\/\/schema.org","@graph":[{"@type":"WebPage","@id":"https:\/\/megrad-ck.hr\/de\/verzichtserklaerung\/","url":"https:\/\/megrad-ck.hr\/de\/verzichtserklaerung\/","name":"Verzichtserkl\u00e4rung - Megrad","isPartOf":{"@id":"https:\/\/megrad-ck.hr\/de\/#website"},"datePublished":"2024-04-22T12:31:05+00:00","dateModified":"2024-04-23T11:41:00+00:00","breadcrumb":{"@id":"https:\/\/megrad-ck.hr\/de\/verzichtserklaerung\/#breadcrumb"},"inLanguage":"de","potentialAction":[{"@type":"ReadAction","target":["https:\/\/megrad-ck.hr\/de\/verzichtserklaerung\/"]}]},{"@type":"BreadcrumbList","@id":"https:\/\/megrad-ck.hr\/de\/verzichtserklaerung\/#breadcrumb","itemListElement":[{"@type":"ListItem","position":1,"name":"Po\u010detna stranica","item":"https:\/\/megrad-ck.hr\/de\/"},{"@type":"ListItem","position":2,"name":"Verzichtserkl\u00e4rung"}]},{"@type":"WebSite","@id":"https:\/\/megrad-ck.hr\/de\/#website","url":"https:\/\/megrad-ck.hr\/de\/","name":"Megrad d.o.o.","description":"","publisher":{"@id":"https:\/\/megrad-ck.hr\/de\/#organization"},"potentialAction":[{"@type":"SearchAction","target":{"@type":"EntryPoint","urlTemplate":"https:\/\/megrad-ck.hr\/de\/?s={search_term_string}"},"query-input":"required name=search_term_string"}],"inLanguage":"de"},{"@type":"Organization","@id":"https:\/\/megrad-ck.hr\/de\/#organization","name":"Megrad d.o.o.","url":"https:\/\/megrad-ck.hr\/de\/","logo":{"@type":"ImageObject","inLanguage":"de","@id":"https:\/\/megrad-ck.hr\/de\/#\/schema\/logo\/image\/","url":"https:\/\/megrad-ck.hr\/wp-content\/uploads\/2024\/04\/megrad-logo-scaled-1.png","contentUrl":"https:\/\/megrad-ck.hr\/wp-content\/uploads\/2024\/04\/megrad-logo-scaled-1.png","width":1248,"height":414,"caption":"Megrad d.o.o."},"image":{"@id":"https:\/\/megrad-ck.hr\/de\/#\/schema\/logo\/image\/"}}]}},"_links":{"self":[{"href":"https:\/\/megrad-ck.hr\/de\/wp-json\/wp\/v2\/pages\/665","targetHints":{"allow":["GET"]}}],"collection":[{"href":"https:\/\/megrad-ck.hr\/de\/wp-json\/wp\/v2\/pages"}],"about":[{"href":"https:\/\/megrad-ck.hr\/de\/wp-json\/wp\/v2\/types\/page"}],"author":[{"embeddable":true,"href":"https:\/\/megrad-ck.hr\/de\/wp-json\/wp\/v2\/users\/2"}],"replies":[{"embeddable":true,"href":"https:\/\/megrad-ck.hr\/de\/wp-json\/wp\/v2\/comments?post=665"}],"version-history":[{"count":2,"href":"https:\/\/megrad-ck.hr\/de\/wp-json\/wp\/v2\/pages\/665\/revisions"}],"predecessor-version":[{"id":1007,"href":"https:\/\/megrad-ck.hr\/de\/wp-json\/wp\/v2\/pages\/665\/revisions\/1007"}],"wp:attachment":[{"href":"https:\/\/megrad-ck.hr\/de\/wp-json\/wp\/v2\/media?parent=665"}],"curies":[{"name":"wp","href":"https:\/\/api.w.org\/{rel}","templated":true}]}}